{"id":1572,"date":"2013-11-22T04:16:00","date_gmt":"2013-11-22T04:16:00","guid":{"rendered":"https:\/\/spectracolors.com\/pt\/?page_id=1572"},"modified":"2016-07-16T23:26:34","modified_gmt":"2016-07-16T23:26:34","slug":"quem-somos","status":"publish","type":"page","link":"https:\/\/spectracolors.com\/pt\/quem-somos\/","title":{"rendered":"Quem somos"},"content":{"rendered":"<p>A Spectra Colors Corp. foi fundada em 1987 com uma simples filosofia focada no respeito, em um servi\u00e7o confi\u00e1vel, produtos de qualidade e forte suporte t\u00e9cnico. Estes tradicionais valores n\u00e3o mudaram e s\u00e3o t\u00e3o importantes hoje como quando da constitui\u00e7\u00e3o da empresa. O cliente \u00e9 o mais importante no nosso ramo de fornecimento de materiais corantes para todas as ind\u00fastrias.<\/p>\n<p>A Spectra Colors Corp. passou de uma empresa regional americana para uma reconhecida e respeitada empresa global, com clientes fi\u00e9is, produtos de alt\u00edssima qualidade e uma extensa linha de produtos e servi\u00e7os.<\/p>\n<p>N\u00f3s somos fornecedores de corantes especiais com uma ampla e variada linha de produtos, oferecendo ainda os seguintes servi\u00e7os:<\/p>\n<ul>\n<li>Ajuste de cor personalizado<\/li>\n<li>Suporte para sele\u00e7\u00e3o do corante e aplica\u00e7\u00e3o<\/li>\n<li>Suporte t\u00e9cnico e comercial bil\u00edngue.<\/li>\n<li>Re-embalo dos materiais a um pre\u00e7o competitivo.<\/li>\n<\/ul>\n","protected":false},"excerpt":{"rendered":"<p>A Spectra Colors Corp. foi fundada em 1987 com uma simples filosofia focada no respeito, em um servi\u00e7o confi\u00e1vel, produtos de qualidade e forte suporte t\u00e9cnico. Estes tradicionais valores n\u00e3o mudaram e s\u00e3o t\u00e3o importantes hoje como quando da constitui\u00e7\u00e3o da empresa. O cliente \u00e9 o mais importante no nosso ramo de fornecimento de materiais [&hellip;]<\/p>\n","protected":false},"author":1,"featured_media":1591,"parent":0,"menu_order":0,"comment_status":"open","ping_status":"open","template":"page-aboutus.php","meta":{"_acf_changed":false,"footnotes":""},"class_list":["post-1572","page","type-page","status-publish","has-post-thumbnail","hentry"],"acf":[],"yoast_head":"<!-- This site is optimized with the Yoast SEO plugin v27.4 - https:\/\/yoast.com\/product\/yoast-seo-wordpress\/ -->\n<title>Quem somos - Spectra Colors Corpora\u00e7\u00e3o<\/title>\n<meta name=\"robots\" content=\"index, follow, max-snippet:-1, max-image-preview:large, max-video-preview:-1\" \/>\n<link rel=\"canonical\" href=\"https:\/\/spectracolors.com\/pt\/quem-somos\/\" \/>\n<meta name=\"twitter:label1\" content=\"Est. reading time\" \/>\n\t<meta name=\"twitter:data1\" content=\"1 minute\" \/>\n<script type=\"application\/ld+json\" class=\"yoast-schema-graph\">{\"@context\":\"https:\\\/\\\/schema.org\",\"@graph\":[{\"@type\":\"WebPage\",\"@id\":\"https:\\\/\\\/spectracolors.com\\\/pt\\\/quem-somos\\\/\",\"url\":\"https:\\\/\\\/spectracolors.com\\\/pt\\\/quem-somos\\\/\",\"name\":\"Quem somos - Spectra Colors Corpora\u00e7\u00e3o\",\"isPartOf\":{\"@id\":\"https:\\\/\\\/spectracolors.com\\\/pt\\\/#website\"},\"primaryImageOfPage\":{\"@id\":\"https:\\\/\\\/spectracolors.com\\\/pt\\\/quem-somos\\\/#primaryimage\"},\"image\":{\"@id\":\"https:\\\/\\\/spectracolors.com\\\/pt\\\/quem-somos\\\/#primaryimage\"},\"thumbnailUrl\":\"\\\/wp-content\\\/uploads\\\/sites\\\/3\\\/2013\\\/11\\\/AboutusSmall_featured.png\",\"datePublished\":\"2013-11-22T04:16:00+00:00\",\"dateModified\":\"2016-07-16T23:26:34+00:00\",\"breadcrumb\":{\"@id\":\"https:\\\/\\\/spectracolors.com\\\/pt\\\/quem-somos\\\/#breadcrumb\"},\"inLanguage\":\"en-US\",\"potentialAction\":[{\"@type\":\"ReadAction\",\"target\":[\"https:\\\/\\\/spectracolors.com\\\/pt\\\/quem-somos\\\/\"]}]},{\"@type\":\"ImageObject\",\"inLanguage\":\"en-US\",\"@id\":\"https:\\\/\\\/spectracolors.com\\\/pt\\\/quem-somos\\\/#primaryimage\",\"url\":\"\\\/wp-content\\\/uploads\\\/sites\\\/3\\\/2013\\\/11\\\/AboutusSmall_featured.png\",\"contentUrl\":\"\\\/wp-content\\\/uploads\\\/sites\\\/3\\\/2013\\\/11\\\/AboutusSmall_featured.png\",\"width\":480,\"height\":478},{\"@type\":\"BreadcrumbList\",\"@id\":\"https:\\\/\\\/spectracolors.com\\\/pt\\\/quem-somos\\\/#breadcrumb\",\"itemListElement\":[{\"@type\":\"ListItem\",\"position\":1,\"name\":\"Home\",\"item\":\"https:\\\/\\\/spectracolors.com\\\/pt\\\/\"},{\"@type\":\"ListItem\",\"position\":2,\"name\":\"Quem somos\"}]},{\"@type\":\"WebSite\",\"@id\":\"https:\\\/\\\/spectracolors.com\\\/pt\\\/#website\",\"url\":\"https:\\\/\\\/spectracolors.com\\\/pt\\\/\",\"name\":\"Spectra Colors Corpora\u00e7\u00e3o\",\"description\":\"Spectra Colors site\",\"potentialAction\":[{\"@type\":\"SearchAction\",\"target\":{\"@type\":\"EntryPoint\",\"urlTemplate\":\"https:\\\/\\\/spectracolors.com\\\/pt\\\/?s={search_term_string}\"},\"query-input\":{\"@type\":\"PropertyValueSpecification\",\"valueRequired\":true,\"valueName\":\"search_term_string\"}}],\"inLanguage\":\"en-US\"}]}<\/script>\n<!-- \/ Yoast SEO plugin. -->","yoast_head_json":{"title":"Quem somos - Spectra Colors Corpora\u00e7\u00e3o","robots":{"index":"index","follow":"follow","max-snippet":"max-snippet:-1","max-image-preview":"max-image-preview:large","max-video-preview":"max-video-preview:-1"},"canonical":"https:\/\/spectracolors.com\/pt\/quem-somos\/","twitter_misc":{"Est. reading time":"1 minute"},"schema":{"@context":"https:\/\/schema.org","@graph":[{"@type":"WebPage","@id":"https:\/\/spectracolors.com\/pt\/quem-somos\/","url":"https:\/\/spectracolors.com\/pt\/quem-somos\/","name":"Quem somos - Spectra Colors Corpora\u00e7\u00e3o","isPartOf":{"@id":"https:\/\/spectracolors.com\/pt\/#website"},"primaryImageOfPage":{"@id":"https:\/\/spectracolors.com\/pt\/quem-somos\/#primaryimage"},"image":{"@id":"https:\/\/spectracolors.com\/pt\/quem-somos\/#primaryimage"},"thumbnailUrl":"\/wp-content\/uploads\/sites\/3\/2013\/11\/AboutusSmall_featured.png","datePublished":"2013-11-22T04:16:00+00:00","dateModified":"2016-07-16T23:26:34+00:00","breadcrumb":{"@id":"https:\/\/spectracolors.com\/pt\/quem-somos\/#breadcrumb"},"inLanguage":"en-US","potentialAction":[{"@type":"ReadAction","target":["https:\/\/spectracolors.com\/pt\/quem-somos\/"]}]},{"@type":"ImageObject","inLanguage":"en-US","@id":"https:\/\/spectracolors.com\/pt\/quem-somos\/#primaryimage","url":"\/wp-content\/uploads\/sites\/3\/2013\/11\/AboutusSmall_featured.png","contentUrl":"\/wp-content\/uploads\/sites\/3\/2013\/11\/AboutusSmall_featured.png","width":480,"height":478},{"@type":"BreadcrumbList","@id":"https:\/\/spectracolors.com\/pt\/quem-somos\/#breadcrumb","itemListElement":[{"@type":"ListItem","position":1,"name":"Home","item":"https:\/\/spectracolors.com\/pt\/"},{"@type":"ListItem","position":2,"name":"Quem somos"}]},{"@type":"WebSite","@id":"https:\/\/spectracolors.com\/pt\/#website","url":"https:\/\/spectracolors.com\/pt\/","name":"Spectra Colors Corpora\u00e7\u00e3o","description":"Spectra Colors site","potentialAction":[{"@type":"SearchAction","target":{"@type":"EntryPoint","urlTemplate":"https:\/\/spectracolors.com\/pt\/?s={search_term_string}"},"query-input":{"@type":"PropertyValueSpecification","valueRequired":true,"valueName":"search_term_string"}}],"inLanguage":"en-US"}]}},"_links":{"self":[{"href":"https:\/\/spectracolors.com\/pt\/wp-json\/wp\/v2\/pages\/1572","targetHints":{"allow":["GET"]}}],"collection":[{"href":"https:\/\/spectracolors.com\/pt\/wp-json\/wp\/v2\/pages"}],"about":[{"href":"https:\/\/spectracolors.com\/pt\/wp-json\/wp\/v2\/types\/page"}],"author":[{"embeddable":true,"href":"https:\/\/spectracolors.com\/pt\/wp-json\/wp\/v2\/users\/1"}],"replies":[{"embeddable":true,"href":"https:\/\/spectracolors.com\/pt\/wp-json\/wp\/v2\/comments?post=1572"}],"version-history":[{"count":5,"href":"https:\/\/spectracolors.com\/pt\/wp-json\/wp\/v2\/pages\/1572\/revisions"}],"predecessor-version":[{"id":1631,"href":"https:\/\/spectracolors.com\/pt\/wp-json\/wp\/v2\/pages\/1572\/revisions\/1631"}],"wp:featuredmedia":[{"embeddable":true,"href":"https:\/\/spectracolors.com\/pt\/wp-json\/wp\/v2\/media\/1591"}],"wp:attachment":[{"href":"https:\/\/spectracolors.com\/pt\/wp-json\/wp\/v2\/media?parent=1572"}],"curies":[{"name":"wp","href":"https:\/\/api.w.org\/{rel}","templated":true}]}}